{"id":38275,"date":"2026-01-10T13:43:24","date_gmt":"2026-01-10T12:43:24","guid":{"rendered":"https:\/\/shop.kurzweiler.com\/?post_type=product&#038;p=38275"},"modified":"2026-03-26T16:36:00","modified_gmt":"2026-03-26T15:36:00","slug":"dice-of-the-undead-du-baron-von-zom-kopie-4","status":"publish","type":"product","link":"https:\/\/shop.kurzweiler.com\/fr\/produkt\/dice-of-the-undead-du-baron-von-zom-kopie-4\/","title":{"rendered":"Baron von Zom\u2019s Dice of the Undead DELUXE"},"content":{"rendered":"<h1><strong>Baron von Zom\u2019s Dice of the Undead DELUXE<\/strong><\/h1>\n<p><strong>Plus que quelques exemplaires disponibles\u202f!<\/strong><\/p>\n<p>Pour les collectionneurs qui veulent quelque chose de sp\u00e9cial. La version DELUXE se distingue de la version r\u00e9guli\u00e8re par plusieurs d\u00e9tails\u202f: <\/p>\n<ul>\n<li>48 d\u00e9s transparents en plastique au lieu de d\u00e9s en bois<\/li>\n<li>Plateau en plastique suppl\u00e9mentaire pour ranger les cartes<\/li>\n<li>Sac en coton suppl\u00e9mentaire pour ranger les d\u00e9s<\/li>\n<li>Gobelet \u00e0 d\u00e9s deluxe en simili cuir avec doublure en velours<\/li>\n<li>12 autocollants vinyle de haute qualit\u00e9 avec des illustrations amusantes du jeu<\/li>\n<li>Comprend l\u2019extension avec 32 nouvelles cartes suppl\u00e9mentaires, encore plus folles<\/li>\n<li>Enti\u00e8rement traduit en anglais, allemand et fran\u00e7ais [Texte Shop&#8230;utsch.docx | Word]<\/li>\n<\/ul>\n","protected":false},"excerpt":{"rendered":"<p><strong>Plus que quelques exemplaires disponibles\u202f!<\/strong><\/p>\n<p>Pour les collectionneurs qui veulent quelque chose de sp\u00e9cial. La version DELUXE se distingue de la version r\u00e9guli\u00e8re par plusieurs d\u00e9tails. <\/p>\n","protected":false},"featured_media":38282,"template":"","meta":[],"product_brand":[],"product_cat":[203],"product_tag":[],"class_list":{"0":"post-38275","1":"product","2":"type-product","3":"status-publish","4":"has-post-thumbnail","6":"product_cat-jeux-de-societe","8":"first","9":"instock","10":"taxable","11":"shipping-taxable","12":"purchasable","13":"product-type-simple"},"_links":{"self":[{"href":"https:\/\/shop.kurzweiler.com\/fr\/wp-json\/wp\/v2\/product\/38275","targetHints":{"allow":["GET"]}}],"collection":[{"href":"https:\/\/shop.kurzweiler.com\/fr\/wp-json\/wp\/v2\/product"}],"about":[{"href":"https:\/\/shop.kurzweiler.com\/fr\/wp-json\/wp\/v2\/types\/product"}],"version-history":[{"count":2,"href":"https:\/\/shop.kurzweiler.com\/fr\/wp-json\/wp\/v2\/product\/38275\/revisions"}],"predecessor-version":[{"id":38326,"href":"https:\/\/shop.kurzweiler.com\/fr\/wp-json\/wp\/v2\/product\/38275\/revisions\/38326"}],"wp:featuredmedia":[{"embeddable":true,"href":"https:\/\/shop.kurzweiler.com\/fr\/wp-json\/wp\/v2\/media\/38282"}],"wp:attachment":[{"href":"https:\/\/shop.kurzweiler.com\/fr\/wp-json\/wp\/v2\/media?parent=38275"}],"wp:term":[{"taxonomy":"product_brand","embeddable":true,"href":"https:\/\/shop.kurzweiler.com\/fr\/wp-json\/wp\/v2\/product_brand?post=38275"},{"taxonomy":"product_cat","embeddable":true,"href":"https:\/\/shop.kurzweiler.com\/fr\/wp-json\/wp\/v2\/product_cat?post=38275"},{"taxonomy":"product_tag","embeddable":true,"href":"https:\/\/shop.kurzweiler.com\/fr\/wp-json\/wp\/v2\/product_tag?post=38275"}],"curies":[{"name":"wp","href":"https:\/\/api.w.org\/{rel}","templated":true}]}}