{"id":38066,"date":"2026-01-07T20:20:04","date_gmt":"2026-01-07T19:20:04","guid":{"rendered":"https:\/\/shop.kurzweiler.com\/?post_type=product&#038;p=38066"},"modified":"2026-01-10T21:52:33","modified_gmt":"2026-01-10T20:52:33","slug":"dice-of-the-undead-du-baron-von-zom-kopie","status":"publish","type":"product","link":"https:\/\/shop.kurzweiler.com\/fr\/produkt\/dice-of-the-undead-du-baron-von-zom-kopie\/","title":{"rendered":"Extension\u202f Les cartes extra folles du Baron von Zom"},"content":{"rendered":"<h1><strong>Extension\u202f Les cartes extra folles du Baron von Zom <\/strong><\/h1>\n<p><strong>Maintenant le Baron devient compl\u00e8tement fou\u202f!<\/strong><\/p>\n<p>32 nouvelles r\u00e8gles encore plus insens\u00e9es et des \u00e9v\u00e9nements mort-vivants vous rendront fous\u202f! Cette extension apporte encore plus de vari\u00e9t\u00e9 au plaisir d\u00e9jant\u00e9 des d\u00e9s de nos mangeurs de cerveaux morts-vivants. Le Baron s\u2019est surpass\u00e9 \u2013 il n\u2019a jamais \u00e9t\u00e9 aussi m\u00e9chant et dr\u00f4le\u202f!  <\/p>\n<p>Pour ceux qui poss\u00e8dent d\u00e9j\u00e0 le jeu, ne manquez pas ce plaisir suppl\u00e9mentaire.<\/p>\n<p>Pour ceux qui commandent le jeu pour la premi\u00e8re fois, nous recommandons le pack combo\u202f: le jeu et les cartes suppl\u00e9mentaires avec 5\u202f\u20ac de r\u00e9duction.<\/p>\n","protected":false},"excerpt":{"rendered":"<p><strong>Maintenant le Baron devient compl\u00e8tement fou\u202f!<\/strong><\/p>\n<p>32 nouvelles r\u00e8gles encore plus insens\u00e9es et des \u00e9v\u00e9nements mort-vivants vous rendront fous\u202f! Cette extension apporte encore plus de vari\u00e9t\u00e9 au plaisir d\u00e9jant\u00e9 des d\u00e9s de nos mangeurs de cerveaux morts-vivants. Le Baron s\u2019est surpass\u00e9 \u2013 il n\u2019a jamais \u00e9t\u00e9 aussi m\u00e9chant et dr\u00f4le\u202f!<\/p>\n","protected":false},"featured_media":38314,"template":"","meta":[],"product_brand":[],"product_cat":[225,203],"product_tag":[],"class_list":{"0":"post-38066","1":"product","2":"type-product","3":"status-publish","4":"has-post-thumbnail","6":"product_cat-extensions-de-jeu","7":"product_cat-jeux-de-societe","9":"first","10":"instock","11":"taxable","12":"shipping-taxable","13":"purchasable","14":"product-type-simple"},"_links":{"self":[{"href":"https:\/\/shop.kurzweiler.com\/fr\/wp-json\/wp\/v2\/product\/38066","targetHints":{"allow":["GET"]}}],"collection":[{"href":"https:\/\/shop.kurzweiler.com\/fr\/wp-json\/wp\/v2\/product"}],"about":[{"href":"https:\/\/shop.kurzweiler.com\/fr\/wp-json\/wp\/v2\/types\/product"}],"version-history":[{"count":3,"href":"https:\/\/shop.kurzweiler.com\/fr\/wp-json\/wp\/v2\/product\/38066\/revisions"}],"predecessor-version":[{"id":38316,"href":"https:\/\/shop.kurzweiler.com\/fr\/wp-json\/wp\/v2\/product\/38066\/revisions\/38316"}],"wp:featuredmedia":[{"embeddable":true,"href":"https:\/\/shop.kurzweiler.com\/fr\/wp-json\/wp\/v2\/media\/38314"}],"wp:attachment":[{"href":"https:\/\/shop.kurzweiler.com\/fr\/wp-json\/wp\/v2\/media?parent=38066"}],"wp:term":[{"taxonomy":"product_brand","embeddable":true,"href":"https:\/\/shop.kurzweiler.com\/fr\/wp-json\/wp\/v2\/product_brand?post=38066"},{"taxonomy":"product_cat","embeddable":true,"href":"https:\/\/shop.kurzweiler.com\/fr\/wp-json\/wp\/v2\/product_cat?post=38066"},{"taxonomy":"product_tag","embeddable":true,"href":"https:\/\/shop.kurzweiler.com\/fr\/wp-json\/wp\/v2\/product_tag?post=38066"}],"curies":[{"name":"wp","href":"https:\/\/api.w.org\/{rel}","templated":true}]}}