{"id":38192,"date":"2025-03-24T15:28:48","date_gmt":"2025-03-24T14:28:48","guid":{"rendered":"https:\/\/shop.kurzweiler.com\/boutique-daccueil\/"},"modified":"2026-01-27T15:32:56","modified_gmt":"2026-01-27T14:32:56","slug":"boutique-daccueil","status":"publish","type":"page","link":"https:\/\/shop.kurzweiler.com\/fr\/","title":{"rendered":"Boutique d&rsquo;accueil"},"content":{"rendered":"\t\t<div data-elementor-type=\"wp-page\" data-elementor-id=\"38192\" class=\"elementor elementor-38192 elementor-66\">\n\t\t\t\t<div class=\"wd-negative-gap elementor-element elementor-element-e399641 e-flex e-con-boxed e-con e-parent\" data-id=\"e399641\" data-element_type=\"container\" data-e-type=\"container\" data-settings=\"{&quot;background_background&quot;:&quot;classic&quot;}\">\n\t\t\t\t\t<div class=\"e-con-inner\">\n\t\t<a class=\"elementor-element elementor-element-6e10076 e-con-full e-flex e-con e-child\" data-id=\"6e10076\" data-element_type=\"container\" data-e-type=\"container\" data-settings=\"{&quot;animation&quot;:&quot;none&quot;,&quot;background_background&quot;:&quot;classic&quot;}\" href=\"https:\/\/shop.kurzweiler.com\/fr\/boutique\/\">\n\t\t\t\t<div class=\"elementor-element elementor-element-f022e06 elementor-widget__width-initial elementor-widget-mobile__width-initial elementor-widget elementor-widget-heading\" data-id=\"f022e06\" data-element_type=\"widget\" data-e-type=\"widget\" data-widget_type=\"heading.default\">\n\t\t\t\t\t<h1 class=\"elementor-heading-title elementor-size-default\">Nos jeux dans la boutique KRZWLR<\/h1>\t\t\t\t<\/div>\n\t\t\t\t<div class=\"elementor-element elementor-element-f6a18ed elementor-widget elementor-widget-heading\" data-id=\"f6a18ed\" data-element_type=\"widget\" data-e-type=\"widget\" data-widget_type=\"heading.default\">\n\t\t\t\t\t<h2 class=\"elementor-heading-title elementor-size-default\">VERS LA BOUTIQUE KRZWLR<\/h2>\t\t\t\t<\/div>\n\t\t\t\t<\/a>\n\t\t<a class=\"elementor-element elementor-element-a8b8bf5 e-con-full e-flex e-con e-child\" data-id=\"a8b8bf5\" data-element_type=\"container\" data-e-type=\"container\" data-settings=\"{&quot;animation&quot;:&quot;none&quot;,&quot;background_background&quot;:&quot;classic&quot;}\" href=\"https:\/\/www.kickstarter.com\/projects\/kurzweiler\/dr-mutants-martial-martians\">\n\t\t\t\t<div class=\"elementor-element elementor-element-0673fd6 elementor-widget__width-initial elementor-widget-mobile__width-initial elementor-widget elementor-widget-heading\" data-id=\"0673fd6\" data-element_type=\"widget\" data-e-type=\"widget\" data-widget_type=\"heading.default\">\n\t\t\t\t\t<h1 class=\"elementor-heading-title elementor-size-default\">Nos derni\u00e8res actualit\u00e9s sur KICKSTARTER<\/h1>\t\t\t\t<\/div>\n\t\t\t\t<div class=\"elementor-element elementor-element-1c6e656 elementor-widget elementor-widget-heading\" data-id=\"1c6e656\" data-element_type=\"widget\" data-e-type=\"widget\" data-widget_type=\"heading.default\">\n\t\t\t\t\t<h2 class=\"elementor-heading-title elementor-size-default\">KICKSTARTER<\/h2>\t\t\t\t<\/div>\n\t\t\t\t<\/a>\n\t\t\t\t\t<\/div>\n\t\t\t\t<\/div>\n\t\t<div class=\"elementor-element elementor-element-a3a3868 e-flex e-con-boxed e-con e-parent\" data-id=\"a3a3868\" data-element_type=\"container\" data-e-type=\"container\" data-settings=\"{&quot;background_background&quot;:&quot;classic&quot;}\">\n\t\t\t\t\t<div class=\"e-con-inner\">\n\t\t<a class=\"elementor-element elementor-element-c43ef75 e-con-full e-flex e-con e-child\" data-id=\"c43ef75\" data-element_type=\"container\" data-e-type=\"container\" data-settings=\"{&quot;animation&quot;:&quot;none&quot;,&quot;background_background&quot;:&quot;slideshow&quot;,&quot;background_slideshow_gallery&quot;:[{&quot;id&quot;:39109,&quot;url&quot;:&quot;https:\\\/\\\/shop.kurzweiler.com\\\/wp-content\\\/uploads\\\/2026\\\/01\\\/Teaser-Merch-teaser.webp&quot;},{&quot;id&quot;:38222,&quot;url&quot;:&quot;https:\\\/\\\/shop.kurzweiler.com\\\/wp-content\\\/uploads\\\/2026\\\/01\\\/Baron-von-Zom-Eye-Hoodie-1.jpg&quot;},{&quot;id&quot;:38223,&quot;url&quot;:&quot;https:\\\/\\\/shop.kurzweiler.com\\\/wp-content\\\/uploads\\\/2026\\\/01\\\/Baron-von-Zom-Got-Brain-T-Shirt-1.jpg&quot;},{&quot;id&quot;:38228,&quot;url&quot;:&quot;https:\\\/\\\/shop.kurzweiler.com\\\/wp-content\\\/uploads\\\/2026\\\/01\\\/Baron-von-Zom-Got-Brain-Design.jpg&quot;}],&quot;background_slideshow_slide_duration&quot;:2000,&quot;background_slideshow_lazyload&quot;:&quot;yes&quot;,&quot;background_slideshow_loop&quot;:&quot;yes&quot;,&quot;background_slideshow_slide_transition&quot;:&quot;fade&quot;,&quot;background_slideshow_transition_duration&quot;:500}\" href=\"https:\/\/krzwlr.myspreadshop.de\/\">\n\t\t\t\t<div class=\"elementor-element elementor-element-521a3c5 elementor-widget elementor-widget-heading\" data-id=\"521a3c5\" data-element_type=\"widget\" data-e-type=\"widget\" data-widget_type=\"heading.default\">\n\t\t\t\t\t<h1 class=\"elementor-heading-title elementor-size-default\">Nos articles pour fans chez SPREADSHIRT<\/h1>\t\t\t\t<\/div>\n\t\t\t\t<div class=\"elementor-element elementor-element-013520a elementor-widget elementor-widget-heading\" data-id=\"013520a\" data-element_type=\"widget\" data-e-type=\"widget\" data-widget_type=\"heading.default\">\n\t\t\t\t\t<h3 class=\"elementor-heading-title elementor-size-default\">VERS LES ARTICLES POUR FANS<\/h3>\t\t\t\t<\/div>\n\t\t\t\t<\/a>\n\t\t<a class=\"elementor-element elementor-element-9e55a43 e-con-full e-flex e-con e-child\" data-id=\"9e55a43\" data-element_type=\"container\" data-e-type=\"container\" data-settings=\"{&quot;animation&quot;:&quot;none&quot;,&quot;background_background&quot;:&quot;classic&quot;}\" href=\"https:\/\/shop.kurzweiler.com\/fr\/inscription-a-la-newsletter\/\">\n\t\t\t\t<div class=\"elementor-element elementor-element-aa6f055 elementor-widget elementor-widget-heading\" data-id=\"aa6f055\" data-element_type=\"widget\" data-e-type=\"widget\" data-widget_type=\"heading.default\">\n\t\t\t\t\t<h1 class=\"elementor-heading-title elementor-size-default\">\u2060KRZWLR S'abonner \u00e0 la newsletter<\/h1>\t\t\t\t<\/div>\n\t\t\t\t<div class=\"elementor-element elementor-element-32f80e0 elementor-widget elementor-widget-heading\" data-id=\"32f80e0\" data-element_type=\"widget\" data-e-type=\"widget\" data-widget_type=\"heading.default\">\n\t\t\t\t\t<h3 class=\"elementor-heading-title elementor-size-default\">NEWSLETTER<\/h3>\t\t\t\t<\/div>\n\t\t\t\t<\/a>\n\t\t<div class=\"elementor-element elementor-element-a25b217 e-con-full e-flex e-con e-child\" data-id=\"a25b217\" data-element_type=\"container\" data-e-type=\"container\" data-settings=\"{&quot;animation&quot;:&quot;none&quot;,&quot;background_background&quot;:&quot;classic&quot;}\">\n\t\t\t\t<div class=\"elementor-element elementor-element-3629ddc elementor-widget elementor-widget-heading\" data-id=\"3629ddc\" data-element_type=\"widget\" data-e-type=\"widget\" data-widget_type=\"heading.default\">\n\t\t\t\t\t<h1 class=\"elementor-heading-title elementor-size-default\">\u2060KRZWLR Social Media<\/h1>\t\t\t\t<\/div>\n\t\t<div class=\"elementor-element elementor-element-dd039cd e-con-full e-flex e-con e-child\" data-id=\"dd039cd\" data-element_type=\"container\" data-e-type=\"container\">\n\t\t\t\t<div class=\"elementor-element elementor-element-e2f3c50 elementor-widget elementor-widget-heading\" data-id=\"e2f3c50\" data-element_type=\"widget\" data-e-type=\"widget\" data-widget_type=\"heading.default\">\n\t\t\t\t\t<h3 class=\"elementor-heading-title elementor-size-default\"><a href=\"https:\/\/www.instagram.com\/kurzweiler_spieleverlag\/\">INSTAGRAM<\/a><\/h3>\t\t\t\t<\/div>\n\t\t\t\t<div class=\"elementor-element elementor-element-a5072b5 elementor-widget elementor-widget-heading\" data-id=\"a5072b5\" data-element_type=\"widget\" data-e-type=\"widget\" data-widget_type=\"heading.default\">\n\t\t\t\t\t<h3 class=\"elementor-heading-title elementor-size-default\"><a href=\"https:\/\/www.facebook.com\/profile.php?id=100092483247484\">FACEBOOK<\/a><\/h3>\t\t\t\t<\/div>\n\t\t\t\t<\/div>\n\t\t\t\t<\/div>\n\t\t\t\t\t<\/div>\n\t\t\t\t<\/div>\n\t\t<div class=\"wd-negative-gap elementor-element elementor-element-82da9af e-flex e-con-boxed e-con e-parent\" data-id=\"82da9af\" data-element_type=\"container\" data-e-type=\"container\" data-settings=\"{&quot;background_background&quot;:&quot;classic&quot;}\">\n\t\t\t\t\t<div class=\"e-con-inner\">\n\t\t\t\t<div class=\"elementor-element elementor-element-19a39a0 elementor-widget-divider--view-line elementor-widget elementor-widget-divider\" data-id=\"19a39a0\" data-element_type=\"widget\" data-e-type=\"widget\" data-widget_type=\"divider.default\">\n\t\t\t\t\t\t\t<div class=\"elementor-divider\">\n\t\t\t<span class=\"elementor-divider-separator\">\n\t\t\t\t\t\t<\/span>\n\t\t<\/div>\n\t\t\t\t\t\t<\/div>\n\t\t<div class=\"elementor-element elementor-element-f45f717 e-con-full e-flex e-con e-child\" data-id=\"f45f717\" data-element_type=\"container\" data-e-type=\"container\">\n\t\t<div class=\"elementor-element elementor-element-eda5ed3 e-con-full e-flex e-con e-child\" data-id=\"eda5ed3\" data-element_type=\"container\" data-e-type=\"container\">\n\t\t\t\t<div class=\"elementor-element elementor-element-a170f37 elementor-widget__width-auto elementor-widget elementor-widget-wd_text_block\" data-id=\"a170f37\" data-element_type=\"widget\" data-e-type=\"widget\" data-widget_type=\"wd_text_block.default\">\n\t\t\t\t<div class=\"elementor-widget-container\">\n\t\t\t\t\t\t\t<div class=\"wd-text-block reset-last-child text-left color-title color-scheme-dark\">\n\t\t\t\n\t\t\t<p><span style=\"font-size: 56px;\">KRZWLR News<\/span><\/p>\n\t\t\t\t\t<\/div>\n\t\t\t\t\t\t<\/div>\n\t\t\t\t<\/div>\n\t\t\t\t<\/div>\n\t\t\t\t<div class=\"elementor-element elementor-element-607d795 wd-width-100 elementor-widget elementor-widget-wd_blog\" data-id=\"607d795\" data-element_type=\"widget\" data-e-type=\"widget\" data-widget_type=\"wd_blog.default\">\n\t\t\t\t<div class=\"elementor-widget-container\">\n\t\t\t\t\t\t\t\t\t\t\t\t<div class=\"wd-blog-element \">\n\t\t\t\t\t\t\t\t\t\t\t\n\t\t\t\t\t<div class=\"wd-posts wd-blog-holder wd-grid-g\" id=\"69d38aa1d88a0\" data-paged=\"1\" data-atts=\"{&quot;post_type&quot;:&quot;post&quot;,&quot;items_per_page&quot;:6,&quot;include&quot;:null,&quot;taxonomies&quot;:&quot;&quot;,&quot;offset&quot;:&quot;&quot;,&quot;orderby&quot;:&quot;&quot;,&quot;order&quot;:&quot;DESC&quot;,&quot;meta_key&quot;:null,&quot;exclude&quot;:&quot;&quot;,&quot;element_title&quot;:&quot;&quot;,&quot;element_title_tag&quot;:&quot;h4&quot;,&quot;parts_media&quot;:true,&quot;parts_title&quot;:&quot;1&quot;,&quot;parts_meta&quot;:&quot;&quot;,&quot;parts_text&quot;:&quot;1&quot;,&quot;parts_btn&quot;:&quot;1&quot;,&quot;parts_published_date&quot;:&quot;1&quot;,&quot;img_size&quot;:&quot;large&quot;,&quot;blog_design&quot;:&quot;meta-image&quot;,&quot;blog_carousel_design&quot;:null,&quot;blog_masonry&quot;:null,&quot;blog_columns&quot;:{&quot;unit&quot;:&quot;px&quot;,&quot;size&quot;:2,&quot;sizes&quot;:[]},&quot;blog_columns_tablet&quot;:{&quot;unit&quot;:&quot;px&quot;,&quot;size&quot;:2,&quot;sizes&quot;:[]},&quot;blog_columns_mobile&quot;:{&quot;size&quot;:&quot;&quot;},&quot;blog_spacing&quot;:&quot;30&quot;,&quot;blog_spacing_tablet&quot;:&quot;&quot;,&quot;blog_spacing_mobile&quot;:&quot;30&quot;,&quot;pagination&quot;:&quot;infinit&quot;,&quot;speed&quot;:null,&quot;slides_per_view&quot;:null,&quot;slides_per_view_tablet&quot;:{&quot;size&quot;:&quot;&quot;},&quot;slides_per_view_mobile&quot;:{&quot;size&quot;:&quot;&quot;},&quot;wrap&quot;:null,&quot;autoplay&quot;:null,&quot;hide_pagination_control&quot;:null,&quot;hide_prev_next_buttons&quot;:null,&quot;scroll_per_page&quot;:null,&quot;lazy_loading&quot;:&quot;no&quot;,&quot;scroll_carousel_init&quot;:null,&quot;ajax_page&quot;:&quot;&quot;,&quot;custom_sizes&quot;:false,&quot;elementor&quot;:true}\" data-source=\"shortcode\" style=\"--wd-col-lg:2;--wd-col-md:2;--wd-col-sm:1;--wd-gap-lg:30px;--wd-gap-sm:30px;\">\n\t\t\t\n\t\t\t\t\t\t\t\t\t\t\t\t\t\t\n<article id=\"post-38024\" class=\"wd-post blog-design-meta-image blog-post-loop blog-style-flat wd-col post-38024 post type-post status-publish format-standard has-post-thumbnail hentry category-krzwlr-merch\">\n\t\n\t<div class=\"wd-post-thumb color-scheme-light\">\n\t\t\t\t\t<div class=\"wd-post-img\">\n\t\t\t\t<img loading=\"lazy\" decoding=\"async\" width=\"1280\" height=\"720\" src=\"https:\/\/shop.kurzweiler.com\/wp-content\/uploads\/2026\/01\/Header_Merch.webp\" class=\"attachment-large size-large\" alt=\"\" srcset=\"https:\/\/shop.kurzweiler.com\/wp-content\/uploads\/2026\/01\/Header_Merch.webp 1280w, https:\/\/shop.kurzweiler.com\/wp-content\/uploads\/2026\/01\/Header_Merch-400x225.webp 400w, https:\/\/shop.kurzweiler.com\/wp-content\/uploads\/2026\/01\/Header_Merch-768x432.webp 768w, https:\/\/shop.kurzweiler.com\/wp-content\/uploads\/2026\/01\/Header_Merch-430x242.webp 430w, https:\/\/shop.kurzweiler.com\/wp-content\/uploads\/2026\/01\/Header_Merch-700x394.webp 700w, https:\/\/shop.kurzweiler.com\/wp-content\/uploads\/2026\/01\/Header_Merch-180x101.webp 180w\" sizes=\"auto, (max-width: 1280px) 100vw, 1280px\" \/>\t\t\t<\/div>\n\t\t\n\t\t\t\t<a class=\"wd-post-link wd-fill\" tabindex=\"-1\" href=\"https:\/\/shop.kurzweiler.com\/fr\/articles-de-fans\/\" rel=\"bookmark\" aria-label=\"Lien sur l\u2019article Beaucoup d\u2019articles de fans amusants\"><\/a>\n\n\t\t\t<\/div>\n\n\t<div class=\"wd-post-content\">\n\t\t<div class=\"wd-post-meta wd-post-entry-meta\">\n\t\t\t\n\t\t\t\n\t\t\t\t\t\t\t<div class=\"wd-post-date wd-style-default\">\n\t\t\t\t\t<time class=\"published\" datetime=\"2026-01-20T13:52:15+01:00\">\n\t\t\t\t\t\t20 Jan 2026\t\t\t\t\t<\/time>\n\t\t\t\t<\/div>\n\n\t\t\t\t<div class=\"wd-modified-date\">\n\t\t\t\t\t\t\t<time class=\"updated\" datetime=\"2026-01-20T14:31:02+01:00\">\n\t\t\t20 janvier 2026\t\t<\/time>\n\t\t\t\t\t\t<\/div>\n\t\t\t\t\t<\/div>\n\n\t\t\t\t\t<h3 class=\"wd-post-title wd-entities-title title post-title\">\n\t\t\t\t<a href=\"https:\/\/shop.kurzweiler.com\/fr\/articles-de-fans\/\" rel=\"bookmark\">\n\t\t\t\t\tBeaucoup d\u2019articles de fans amusants\t\t\t\t<\/a>\n\t\t\t<\/h3>\n\t\t\n\t\t\t\t\t<div class=\"wd-post-excerpt\">\n\t\t\t\t\t\t\t\t\tT-shirts, mugs, sacs et bien plus encore, dans une multitude de designs dr\u00f4les ...\t\t\t\t\t\t\t<\/div>\n\t\t\n\t\t\t\t\t\t\t\t\t\t<div class=\"wd-post-read-more wd-style-link read-more-section\">\n\t\t\t\t\t\t<a class=\"\" href=\"https:\/\/shop.kurzweiler.com\/fr\/articles-de-fans\/\">Poursuivre la lecture<\/a>\t\t\t\t\t<\/div>\n\t\t\t\t\t\t\t<\/div>\n\n\t<\/article>\n\t\t\t\t\t\t\t\t\t\t\t\t\t\t\n<article id=\"post-38263\" class=\"wd-post blog-design-meta-image blog-post-loop blog-style-flat wd-col post-38263 post type-post status-publish format-standard has-post-thumbnail hentry category-docteur-mutant-et-ses-martiens-martiaux\">\n\t\n\t<div class=\"wd-post-thumb color-scheme-light\">\n\t\t\t\t\t<div class=\"wd-post-img\">\n\t\t\t\t<img loading=\"lazy\" decoding=\"async\" width=\"1280\" height=\"720\" src=\"https:\/\/shop.kurzweiler.com\/wp-content\/uploads\/2026\/01\/Header_Mutant.jpg\" class=\"attachment-large size-large\" alt=\"\" srcset=\"https:\/\/shop.kurzweiler.com\/wp-content\/uploads\/2026\/01\/Header_Mutant.jpg 1280w, https:\/\/shop.kurzweiler.com\/wp-content\/uploads\/2026\/01\/Header_Mutant-400x225.jpg 400w, https:\/\/shop.kurzweiler.com\/wp-content\/uploads\/2026\/01\/Header_Mutant-768x432.jpg 768w, https:\/\/shop.kurzweiler.com\/wp-content\/uploads\/2026\/01\/Header_Mutant-430x242.jpg 430w, https:\/\/shop.kurzweiler.com\/wp-content\/uploads\/2026\/01\/Header_Mutant-700x394.jpg 700w, https:\/\/shop.kurzweiler.com\/wp-content\/uploads\/2026\/01\/Header_Mutant-180x101.jpg 180w\" sizes=\"auto, (max-width: 1280px) 100vw, 1280px\" \/>\t\t\t<\/div>\n\t\t\n\t\t\t\t<a class=\"wd-post-link wd-fill\" tabindex=\"-1\" href=\"https:\/\/shop.kurzweiler.com\/fr\/en-route-pour-mars\/\" rel=\"bookmark\" aria-label=\"Lien sur l\u2019article En route pour Mars !\"><\/a>\n\n\t\t\t<\/div>\n\n\t<div class=\"wd-post-content\">\n\t\t<div class=\"wd-post-meta wd-post-entry-meta\">\n\t\t\t\n\t\t\t\n\t\t\t\t\t\t\t<div class=\"wd-post-date wd-style-default\">\n\t\t\t\t\t<time class=\"published\" datetime=\"2026-01-20T10:39:03+01:00\">\n\t\t\t\t\t\t20 Jan 2026\t\t\t\t\t<\/time>\n\t\t\t\t<\/div>\n\n\t\t\t\t<div class=\"wd-modified-date\">\n\t\t\t\t\t\t\t<time class=\"updated\" datetime=\"2026-03-19T10:01:23+01:00\">\n\t\t\t19 mars 2026\t\t<\/time>\n\t\t\t\t\t\t<\/div>\n\t\t\t\t\t<\/div>\n\n\t\t\t\t\t<h3 class=\"wd-post-title wd-entities-title title post-title\">\n\t\t\t\t<a href=\"https:\/\/shop.kurzweiler.com\/fr\/en-route-pour-mars\/\" rel=\"bookmark\">\n\t\t\t\t\tEn route pour Mars !\t\t\t\t<\/a>\n\t\t\t<\/h3>\n\t\t\n\t\t\t\t\t<div class=\"wd-post-excerpt\">\n\t\t\t\t\t\t\t\t\tLe prochain jeu de KRZWLR\u00ae est d\u00e9j\u00e0 pr\u00eat \u00e0 d\u00e9coller sur Kickstarter :\t\t\t\t\t\t\t<\/div>\n\t\t\n\t\t\t\t\t\t\t\t\t\t<div class=\"wd-post-read-more wd-style-link read-more-section\">\n\t\t\t\t\t\t<a class=\"\" href=\"https:\/\/shop.kurzweiler.com\/fr\/en-route-pour-mars\/\">Poursuivre la lecture<\/a>\t\t\t\t\t<\/div>\n\t\t\t\t\t\t\t<\/div>\n\n\t<\/article>\n\t\t\t\t\n\t\t\t\t\t\t\t\t<\/div>\n\t\t\t\n\t\t\t\t\t\t\t\t\t\t<\/div>\n\t\t\t\t\t\t\t\t\t\t<\/div>\n\t\t\t\t<\/div>\n\t\t\t\t<\/div>\n\t\t\t\t\t<\/div>\n\t\t\t\t<\/div>\n\t\t\t\t<\/div>\n\t\t","protected":false},"excerpt":{"rendered":"<p>Nos jeux dans la boutique KRZWLR VERS LA BOUTIQUE KRZWLR Nos derni\u00e8res actualit\u00e9s sur KICKSTARTER KICKSTARTER Nos articles pour fans<\/p>\n","protected":false},"author":1,"featured_media":0,"parent":0,"menu_order":0,"comment_status":"closed","ping_status":"closed","template":"","meta":{"footnotes":""},"class_list":["post-38192","page","type-page","status-publish","hentry"],"_links":{"self":[{"href":"https:\/\/shop.kurzweiler.com\/fr\/wp-json\/wp\/v2\/pages\/38192","targetHints":{"allow":["GET"]}}],"collection":[{"href":"https:\/\/shop.kurzweiler.com\/fr\/wp-json\/wp\/v2\/pages"}],"about":[{"href":"https:\/\/shop.kurzweiler.com\/fr\/wp-json\/wp\/v2\/types\/page"}],"author":[{"embeddable":true,"href":"https:\/\/shop.kurzweiler.com\/fr\/wp-json\/wp\/v2\/users\/1"}],"replies":[{"embeddable":true,"href":"https:\/\/shop.kurzweiler.com\/fr\/wp-json\/wp\/v2\/comments?post=38192"}],"version-history":[{"count":10,"href":"https:\/\/shop.kurzweiler.com\/fr\/wp-json\/wp\/v2\/pages\/38192\/revisions"}],"predecessor-version":[{"id":39176,"href":"https:\/\/shop.kurzweiler.com\/fr\/wp-json\/wp\/v2\/pages\/38192\/revisions\/39176"}],"wp:attachment":[{"href":"https:\/\/shop.kurzweiler.com\/fr\/wp-json\/wp\/v2\/media?parent=38192"}],"curies":[{"name":"wp","href":"https:\/\/api.w.org\/{rel}","templated":true}]}}