{"id":37820,"date":"2023-10-16T11:17:06","date_gmt":"2023-10-16T09:17:06","guid":{"rendered":"https:\/\/shop.kurzweiler.com\/droit-de-retractation\/"},"modified":"2025-11-17T14:02:55","modified_gmt":"2025-11-17T13:02:55","slug":"droit-de-retractation","status":"publish","type":"page","link":"https:\/\/shop.kurzweiler.com\/fr\/droit-de-retractation\/","title":{"rendered":"Droit de r\u00e9tractation"},"content":{"rendered":"\t\t<div data-elementor-type=\"wp-page\" data-elementor-id=\"37820\" class=\"elementor elementor-37820 elementor-381\">\n\t\t\t\t<div class=\"wd-negative-gap elementor-element elementor-element-770b0d8 e-flex e-con-boxed e-con e-parent\" data-id=\"770b0d8\" data-element_type=\"container\" data-e-type=\"container\">\n\t\t\t\t\t<div class=\"e-con-inner\">\n\t\t\t\t<div class=\"elementor-element elementor-element-68f6d5d elementor-widget elementor-widget-heading\" data-id=\"68f6d5d\" data-element_type=\"widget\" data-e-type=\"widget\" data-widget_type=\"heading.default\">\n\t\t\t\t\t<h2 class=\"elementor-heading-title elementor-size-default\">Droit de r\u00e9tractation pour les consommateurs<\/h2>\t\t\t\t<\/div>\n\t\t\t\t\t<\/div>\n\t\t\t\t<\/div>\n\t\t<div class=\"wd-negative-gap elementor-element elementor-element-334b505 e-flex e-con-boxed e-con e-parent\" data-id=\"334b505\" data-element_type=\"container\" data-e-type=\"container\">\n\t\t\t\t\t<div class=\"e-con-inner\">\n\t\t\t\t<div class=\"elementor-element elementor-element-578015c color-scheme-inherit text-left elementor-widget elementor-widget-text-editor\" data-id=\"578015c\" data-element_type=\"widget\" data-e-type=\"widget\" data-widget_type=\"text-editor.default\">\n\t\t\t\t\t\t\t\t\t<p>(Le consommateur est toute personne physique qui conclut un acte juridique \u00e0 des fins qui, pour la plupart, ne peuvent \u00eatre attribu\u00e9es ni \u00e0 son activit\u00e9 commerciale ni \u00e0 son activit\u00e9 professionnelle ind\u00e9pendante).<\/p>\n<h3>Information sur le droit de r\u00e9tractation<\/h3>\n<h3>Droit de r\u00e9tractation<\/h3>\n<p>Vous avez le droit de vous r\u00e9tracter du pr\u00e9sent contrat sans donner de motif dans un d\u00e9lai de quatorze jours.<\/p>\n<p>Le d\u00e9lai de r\u00e9tractation est de quatorze jours \u00e0 compter de la date,<\/p>\n<ul>\n<li>le jour o\u00f9 vous-m\u00eame ou un tiers d\u00e9sign\u00e9 par vous, autre que le transporteur, avez pris possession des marchandises, dans la mesure o\u00f9 vous avez command\u00e9 une ou plusieurs marchandises dans le cadre d&rsquo;une commande unique et o\u00f9 celles-ci sont livr\u00e9es de mani\u00e8re uniforme, ou<\/li>\n<li>le jour o\u00f9 vous ou un tiers d\u00e9sign\u00e9 par vous, autre que le transporteur, avez pris ou a pris possession du dernier bien, dans la mesure o\u00f9 vous avez command\u00e9 plusieurs biens dans le cadre d&rsquo;une commande unique et que ceux-ci sont livr\u00e9s s\u00e9par\u00e9ment, ou<\/li>\n<li>le jour o\u00f9 vous, ou un tiers autre que le transporteur et d\u00e9sign\u00e9 par vous, avez pris possession du dernier envoi partiel ou de la derni\u00e8re pi\u00e8ce, si vous avez command\u00e9 des marchandises livr\u00e9es en plusieurs envois partiels ou en plusieurs pi\u00e8ces, ou<\/li>\n<li>le jour o\u00f9 vous, ou un tiers autre que le transporteur et d\u00e9sign\u00e9 par vous, avez pris ou pris possession du premier bien, dans le cas d&rsquo;un contrat portant sur la livraison r\u00e9guli\u00e8re de biens pendant une p\u00e9riode d\u00e9termin\u00e9e.<\/li>\n<\/ul>\n<p>Pour exercer votre droit de r\u00e9tractation, vous devez nous informer (Kurzweiler Spieleverlag Gmbh &amp; Co. KG, Berthold-Hirsch-Str. 8, 81247 Munich, Allemagne, num\u00e9ro de t\u00e9l\u00e9phone : 0151 22987040, adresse e-mail : info@kurzweiler.com) de votre d\u00e9cision de vous r\u00e9tracter du pr\u00e9sent contrat au moyen d&rsquo;une d\u00e9claration claire (par ex. lettre envoy\u00e9e par la poste, e-mail). Pour ce faire, vous pouvez utiliser le mod\u00e8le de formulaire de r\u00e9tractation ci-joint, qui n&rsquo;est toutefois pas obligatoire. <\/p>\n<p>Pour que le d\u00e9lai de r\u00e9tractation soit respect\u00e9, il suffit que vous envoyiez la communication relative \u00e0 l&rsquo;exercice du droit de r\u00e9tractation avant l&rsquo;expiration du d\u00e9lai de r\u00e9tractation.<\/p>\n<h3>Cons\u00e9quences de la r\u00e9tractation<\/h3>\n<p>En cas de r\u00e9tractation du pr\u00e9sent contrat, nous vous rembourserons tous les paiements re\u00e7us de vous, y compris les frais de livraison (\u00e0 l&rsquo;exception des frais suppl\u00e9mentaires d\u00e9coulant du fait que vous avez choisi un mode de livraison autre que le mode moins co\u00fbteux de livraison standard propos\u00e9 par nous), sans retard excessif et au plus tard quatorze jours \u00e0 compter de la date \u00e0 laquelle nous aurons \u00e9t\u00e9 inform\u00e9s de votre d\u00e9cision de r\u00e9tractation du pr\u00e9sent contrat. Pour ce remboursement, nous utilisons le m\u00eame moyen de paiement que celui que vous avez utilis\u00e9 pour la transaction initiale, \u00e0 moins qu&rsquo;il n&rsquo;en ait \u00e9t\u00e9 express\u00e9ment convenu autrement avec vous ; en aucun cas, des frais ne vous seront factur\u00e9s pour ce remboursement. <\/p>\n<p>Nous pouvons refuser le remboursement jusqu&rsquo;\u00e0 ce que nous ayons r\u00e9cup\u00e9r\u00e9 les biens ou jusqu&rsquo;\u00e0 ce que vous ayez fourni la preuve que vous avez renvoy\u00e9 les biens, la date retenue \u00e9tant la plus proche.<\/p>\n<p>Vous devez nous renvoyer ou nous remettre les biens sans retard excessif et, en tout \u00e9tat de cause, au plus tard quatorze jours \u00e0 compter du jour o\u00f9 vous nous informez de votre d\u00e9cision de r\u00e9tractation du pr\u00e9sent contrat. Le d\u00e9lai est respect\u00e9 si vous renvoyez les biens avant l&rsquo;expiration du d\u00e9lai de quatorze jours. <\/p>\n<p>Nous prenons en charge les frais de retour des marchandises.<\/p>\n<p>Vous ne devez payer pour une \u00e9ventuelle perte de valeur des biens que si cette perte de valeur est due \u00e0 une manipulation des biens qui n&rsquo;est pas n\u00e9cessaire pour v\u00e9rifier leur nature, leurs caract\u00e9ristiques et leur fonctionnement.<\/p>\n<h2>Mod\u00e8le de formulaire de r\u00e9tractation<\/h2>\n<p>(Si vous souhaitez annuler le contrat, veuillez remplir et renvoyer ce formulaire).<\/p>\n<p>- A<\/p>\n<p>Kurzweiler Spieleverlag Gmbh &amp; Co. KG, Berthold-Hirsch-Str. 8, 81247 Munich, Allemagne, num\u00e9ro de t\u00e9l\u00e9phone : 0151 22987040, adresse \u00e9lectronique : info@kurzweiler.com <\/p>\n<p>- Par la pr\u00e9sente, je\/nous (*) r\u00e9voque(ons) le contrat que j&rsquo;ai\/nous avons (*) conclu pour l&rsquo;achat des marchandises suivantes (*)\/la fourniture du service suivant (*)<\/p>\n<p>- Command\u00e9 le (*)\/re\u00e7u le (*)<\/p>\n<p>- Nom du\/des consommateur(s)<\/p>\n<p>- Adresse du\/des consommateur(s)<\/p>\n<p>- Signature du\/des consommateur(s) (uniquement en cas de communication sur papier)<\/p>\n<p>- Date<\/p>\n<p>___________<br>(*) Biffer la mention inutile.<\/p>\t\t\t\t\t\t\t\t<\/div>\n\t\t\t\t\t<\/div>\n\t\t\t\t<\/div>\n\t\t\t\t<\/div>\n\t\t","protected":false},"excerpt":{"rendered":"<p>Droit de r\u00e9tractation pour les consommateurs (Le consommateur est toute personne physique qui conclut un acte juridique \u00e0 des fins<\/p>\n","protected":false},"author":1,"featured_media":0,"parent":0,"menu_order":0,"comment_status":"closed","ping_status":"closed","template":"","meta":{"footnotes":""},"class_list":["post-37820","page","type-page","status-publish","hentry"],"_links":{"self":[{"href":"https:\/\/shop.kurzweiler.com\/fr\/wp-json\/wp\/v2\/pages\/37820","targetHints":{"allow":["GET"]}}],"collection":[{"href":"https:\/\/shop.kurzweiler.com\/fr\/wp-json\/wp\/v2\/pages"}],"about":[{"href":"https:\/\/shop.kurzweiler.com\/fr\/wp-json\/wp\/v2\/types\/page"}],"author":[{"embeddable":true,"href":"https:\/\/shop.kurzweiler.com\/fr\/wp-json\/wp\/v2\/users\/1"}],"replies":[{"embeddable":true,"href":"https:\/\/shop.kurzweiler.com\/fr\/wp-json\/wp\/v2\/comments?post=37820"}],"version-history":[{"count":1,"href":"https:\/\/shop.kurzweiler.com\/fr\/wp-json\/wp\/v2\/pages\/37820\/revisions"}],"predecessor-version":[{"id":37821,"href":"https:\/\/shop.kurzweiler.com\/fr\/wp-json\/wp\/v2\/pages\/37820\/revisions\/37821"}],"wp:attachment":[{"href":"https:\/\/shop.kurzweiler.com\/fr\/wp-json\/wp\/v2\/media?parent=37820"}],"curies":[{"name":"wp","href":"https:\/\/api.w.org\/{rel}","templated":true}]}}