{"id":37805,"date":"2023-10-16T11:17:06","date_gmt":"2023-10-16T09:17:06","guid":{"rendered":"https:\/\/shop.kurzweiler.com\/modes-de-paiement\/"},"modified":"2025-11-17T14:02:55","modified_gmt":"2025-11-17T13:02:55","slug":"modes-de-paiement","status":"publish","type":"page","link":"https:\/\/shop.kurzweiler.com\/fr\/modes-de-paiement\/","title":{"rendered":"Modes de paiement"},"content":{"rendered":"\t\t<div data-elementor-type=\"wp-page\" data-elementor-id=\"37805\" class=\"elementor elementor-37805 elementor-383\">\n\t\t\t\t<div class=\"wd-negative-gap elementor-element elementor-element-24347dbd e-flex e-con-boxed e-con e-parent\" data-id=\"24347dbd\" data-element_type=\"container\" data-e-type=\"container\">\n\t\t\t\t\t<div class=\"e-con-inner\">\n\t\t\t\t<div class=\"elementor-element elementor-element-881ec78 elementor-widget elementor-widget-heading\" data-id=\"881ec78\" data-element_type=\"widget\" data-e-type=\"widget\" data-widget_type=\"heading.default\">\n\t\t\t\t\t<h2 class=\"elementor-heading-title elementor-size-default\">Modes de paiement<\/h2>\t\t\t\t<\/div>\n\t\t\t\t\t<\/div>\n\t\t\t\t<\/div>\n\t\t<div class=\"wd-negative-gap elementor-element elementor-element-1f8e303 e-flex e-con-boxed e-con e-parent\" data-id=\"1f8e303\" data-element_type=\"container\" data-e-type=\"container\">\n\t\t\t\t\t<div class=\"e-con-inner\">\n\t\t\t\t<div class=\"elementor-element elementor-element-16e264e color-scheme-inherit text-left elementor-widget elementor-widget-text-editor\" data-id=\"16e264e\" data-element_type=\"widget\" data-e-type=\"widget\" data-widget_type=\"text-editor.default\">\n\t\t\t\t\t\t\t\t\t<p><strong>PayPal avec ou sans compte client PayPal<\/strong><\/p><p>PayPal Si vous n&rsquo;avez pas encore de compte, inscrivez-vous gratuitement \u00e0 PayPal et enregistrez une seule fois vos coordonn\u00e9es bancaires. Lors de chaque achat futur avec PayPal, vous n&rsquo;aurez besoin que de votre adresse e-mail et de votre mot de passe. Ainsi, vous n&rsquo;aurez plus besoin de fournir vos donn\u00e9es financi\u00e8res lors de vos prochains achats. Avec PayPal, vous pouvez payer dans de nombreuses boutiques en ligne - en ligne et sur mobile.   <\/p><p><b>Vous n&rsquo;avez pas de compte PayPal et ne souhaitez pas en ouvrir un ?<\/b><br>Pas de probl\u00e8me, car les options de paiement par carte de cr\u00e9dit et par pr\u00e9l\u00e8vement SEPA sont disponibles gratuitement chez nous. Dans ce cas, PayPal est certes notre prestataire de services, mais vous n&rsquo;avez pas besoin d&rsquo;un compte client PayPal. <\/p><p><b>Pr\u00e9l\u00e8vement SEPA<\/b><br>Apr\u00e8s avoir pass\u00e9 votre commande, vous serez redirig\u00e9 vers le site du fournisseur en ligne PayPal. La transaction avec nous est effectu\u00e9e - m\u00eame si vous n&rsquo;avez pas de compte PayPal. Dans ce cas, il n&rsquo;est pas non plus n\u00e9cessaire de cr\u00e9er un tel compte. Pour pouvoir payer le montant de la facture, vous devez disposer d&rsquo;un compte bancaire activ\u00e9 pour les services bancaires en ligne. Vous obtiendrez des instructions suppl\u00e9mentaires lors du processus de commande. La transaction de paiement est effectu\u00e9e imm\u00e9diatement apr\u00e8s et votre compte est d\u00e9bit\u00e9. Vous recevrez imm\u00e9diatement une confirmation de paiement de notre part et de la part de PayPal.      <\/p><p><b>Carte de cr\u00e9dit<\/b><br>Si vous souhaitez payer par carte de cr\u00e9dit, veuillez vous munir des informations relatives \u00e0 votre carte de cr\u00e9dit. Le montant sera ensuite d\u00e9bit\u00e9 de votre compte de carte de cr\u00e9dit. Le traitement des paiements est effectu\u00e9 par PayPal, m\u00eame si vous n&rsquo;avez pas de compte PayPal. Il n&rsquo;est pas n\u00e9cessaire de cr\u00e9er un compte.   <\/p>\t\t\t\t\t\t\t\t<\/div>\n\t\t\t\t\t<\/div>\n\t\t\t\t<\/div>\n\t\t\t\t<\/div>\n\t\t","protected":false},"excerpt":{"rendered":"<p>Modes de paiement PayPal avec ou sans compte client PayPal PayPal Si vous n&rsquo;avez pas encore de compte, inscrivez-vous gratuitement<\/p>\n","protected":false},"author":1,"featured_media":0,"parent":0,"menu_order":0,"comment_status":"closed","ping_status":"closed","template":"","meta":{"footnotes":""},"class_list":["post-37805","page","type-page","status-publish","hentry"],"_links":{"self":[{"href":"https:\/\/shop.kurzweiler.com\/fr\/wp-json\/wp\/v2\/pages\/37805","targetHints":{"allow":["GET"]}}],"collection":[{"href":"https:\/\/shop.kurzweiler.com\/fr\/wp-json\/wp\/v2\/pages"}],"about":[{"href":"https:\/\/shop.kurzweiler.com\/fr\/wp-json\/wp\/v2\/types\/page"}],"author":[{"embeddable":true,"href":"https:\/\/shop.kurzweiler.com\/fr\/wp-json\/wp\/v2\/users\/1"}],"replies":[{"embeddable":true,"href":"https:\/\/shop.kurzweiler.com\/fr\/wp-json\/wp\/v2\/comments?post=37805"}],"version-history":[{"count":1,"href":"https:\/\/shop.kurzweiler.com\/fr\/wp-json\/wp\/v2\/pages\/37805\/revisions"}],"predecessor-version":[{"id":37807,"href":"https:\/\/shop.kurzweiler.com\/fr\/wp-json\/wp\/v2\/pages\/37805\/revisions\/37807"}],"wp:attachment":[{"href":"https:\/\/shop.kurzweiler.com\/fr\/wp-json\/wp\/v2\/media?parent=37805"}],"curies":[{"name":"wp","href":"https:\/\/api.w.org\/{rel}","templated":true}]}}